{"id":1356,"date":"2024-06-28T01:11:42","date_gmt":"2024-06-27T23:11:42","guid":{"rendered":"https:\/\/caymaparis.com\/mentions-legales\/"},"modified":"2024-09-11T19:02:24","modified_gmt":"2024-09-11T17:02:24","slug":"mentions-legales","status":"publish","type":"page","link":"https:\/\/caymaparis.com\/fr\/mentions-legales\/","title":{"rendered":"Mentions L\u00e9gales"},"content":{"rendered":"\t\t<div data-elementor-type=\"wp-page\" data-elementor-id=\"1356\" class=\"elementor elementor-1356 elementor-3\" data-elementor-post-type=\"page\">\n\t\t\t\t<div class=\"elementor-element elementor-element-6319fcb e-flex e-con-boxed e-con e-parent\" data-id=\"6319fcb\" data-element_type=\"container\" data-e-type=\"container\">\n\t\t\t\t\t<div class=\"e-con-inner\">\n\t\t\t\t<div class=\"elementor-element elementor-element-28fa23d elementor-widget elementor-widget-spacer\" data-id=\"28fa23d\" data-element_type=\"widget\" data-e-type=\"widget\" data-widget_type=\"spacer.default\">\n\t\t\t\t<div class=\"elementor-widget-container\">\n\t\t\t\t\t\t\t<div class=\"elementor-spacer\">\n\t\t\t<div class=\"elementor-spacer-inner\"><\/div>\n\t\t<\/div>\n\t\t\t\t\t\t<\/div>\n\t\t\t\t<\/div>\n\t\t\t\t<div class=\"elementor-element elementor-element-11378c2c elementor-widget elementor-widget-text-editor\" data-id=\"11378c2c\" data-element_type=\"widget\" data-e-type=\"widget\" data-widget_type=\"text-editor.default\">\n\t\t\t\t<div class=\"elementor-widget-container\">\n\t\t\t\t\t\t\t\t\t<h1>AVIS JURIDIQUE<\/h1><hr \/><h2>\u00a0<\/h2><h5><strong>Editeur du site<\/strong><\/h5><p>CAYMA Holding SAS<br \/>Si\u00e8ge social : 11 rue de Tr\u00e9taigne &#8211; 75018 Paris<br \/>T\u00e9l\u00e9phone : +33 7 49 90 90 54 29 +33 7 49 90 90 54 29<br \/>E-mail : contact@caymaparis.com<br \/>Num\u00e9ro SIRET : 97 942 479 300 011<br \/>TVA intracommunautaire : FR55979424793<br \/>Directeur de la publication : Lucrecia Pomares Valdivia<br \/>Conception graphique et d\u00e9veloppement du site web par In\u00e9s Gallo<br \/>Contact : hola@inesgallo.com<br \/>Site web : inesgallo.com<\/p><h5><strong>H\u00e9bergement<\/strong><\/h5><p>Fournisseur d&rsquo;h\u00e9bergement : GoDaddy.com, LLC<br \/>Adresse : 2155 E GoDaddy Way, LLC 2155 E GoDaddy Way,<br \/>Tempe, Arizona 85284,<br \/>\u00c9tats-Unis<br \/>Num\u00e9ro de t\u00e9l\u00e9phone : +33 9 75 18 70 39 +33 9 75 18 70 39<br \/>Site web : godaddy.com<\/p><h5><strong>Propri\u00e9t\u00e9 intellectuelle<\/strong><\/h5><p>Le site caymaparis.com et son contenu (textes, images, graphismes, logos, ic\u00f4nes, sons, logiciels, etc.) sont prot\u00e9g\u00e9s par les lois fran\u00e7aises sur la propri\u00e9t\u00e9 intellectuelle. Toute reproduction, repr\u00e9sentation, modification, publication, adaptation de tout ou partie des \u00e9l\u00e9ments du site, quel que soit le moyen ou le proc\u00e9d\u00e9 utilis\u00e9, est interdite, sauf autorisation \u00e9crite pr\u00e9alable de CAYMA Holding SAS.<\/p><h5><strong>Donn\u00e9es personnelles<\/strong><\/h5><p>Au cours de votre navigation sur notre site, vous pouvez \u00eatre amen\u00e9 \u00e0 remplir certains champs de formulaires. Ces informations, telles que vos nom, pr\u00e9nom, adresse e-mail et num\u00e9ro de t\u00e9l\u00e9phone, sont strictement r\u00e9serv\u00e9es \u00e0 un usage interne. Conform\u00e9ment \u00e0 la loi \u00ab informatique et libert\u00e9s \u00bb, vous pouvez exercer votre droit d&rsquo;acc\u00e8s aux donn\u00e9es vous concernant et les faire rectifier ou supprimer en nous contactant \u00e0 l&rsquo;adresse e-mail suivante : contact@caymaparis.com.<\/p><h5><strong>Cookies<\/strong><\/h5><p>Le site caymaparis.com peut vous demander d&rsquo;accepter des cookies \u00e0 des fins de statistiques et d&rsquo;affichage. Un cookie est une information d\u00e9pos\u00e9e sur votre disque dur par le serveur du site que vous visitez. Il contient plusieurs informations qui sont stock\u00e9es sur votre ordinateur dans un simple fichier texte auquel un serveur acc\u00e8de pour lire et enregistrer des informations.<\/p><h5><strong>Liens hypertextes<\/strong><\/h5><p>Le site caymaparis.com peut contenir des liens hypertextes vers d&rsquo;autres sites Internet. Les liens vers ces autres ressources vous font quitter le site caymaparis.com.<\/p><h3><strong>Notifications<\/strong><\/h3><h5><strong>Responsabilit\u00e9<\/strong><\/h5><p>CAYMA Holding SAS s&rsquo;efforce d&rsquo;assurer l&rsquo;exactitude et la fiabilit\u00e9 des informations diffus\u00e9es sur ce site. Cependant, des erreurs peuvent se produire. CAYMA Holding SAS d\u00e9cline toute garantie, expresse ou implicite, concernant les informations r\u00e9f\u00e9renc\u00e9es sur le site. CAYMA Holding SAS se r\u00e9serve le droit de modifier les informations contenues dans le site sans en avertir pr\u00e9alablement ses clients ou prospects. En aucun cas CAYMA Holding SAS ne pourra \u00eatre tenu pour responsable des dommages directs, sp\u00e9ciaux, accessoires ou indirects r\u00e9sultant de l&rsquo;utilisation des informations contenues dans le site ou des paiements effectu\u00e9s sur la base de celles-ci.<\/p><p>Le site est accessible 24h\/24 et 7j\/7. Toutefois, la responsabilit\u00e9 de CAYMA Holding SAS ne saurait \u00eatre engag\u00e9e en cas d&rsquo;impossibilit\u00e9 momentan\u00e9e d&rsquo;acc\u00e8s au site, notamment en raison de force majeure, de difficult\u00e9s informatiques, de difficult\u00e9s li\u00e9es aux r\u00e9seaux de t\u00e9l\u00e9communications, de difficult\u00e9s techniques ou d&rsquo;interruptions du r\u00e9seau \u00e9lectrique. Pour des raisons de maintenance, CAYMA Holding SAS pourra interrompre l&rsquo;acc\u00e8s au site et s&rsquo;efforcera d&rsquo;en avertir pr\u00e9alablement les utilisateurs.<\/p><h5><strong>Droit applicable en cas de litige<\/strong><\/h5><p>En cas de litige, la loi applicable est la loi fran\u00e7aise.<\/p><h5><strong>Attribution de comp\u00e9tence<\/strong><\/h5><p>Tout litige qui ne pourra \u00eatre r\u00e9gl\u00e9 \u00e0 l&rsquo;amiable sera port\u00e9 devant les tribunaux comp\u00e9tents de Paris.<\/p>\t\t\t\t\t\t\t\t<\/div>\n\t\t\t\t<\/div>\n\t\t\t\t\t<\/div>\n\t\t\t\t<\/div>\n\t\t\t\t<\/div>\n\t\t","protected":false},"excerpt":{"rendered":"<p>AVIS JURIDIQUE \u00a0 Editeur du site CAYMA Holding SASSi\u00e8ge social : 11 rue de Tr\u00e9taigne &#8211; 75018 ParisT\u00e9l\u00e9phone : +33 7 49 90 90 54 29 +33 7 49 90 90 54 29E-mail : contact@caymaparis.comNum\u00e9ro SIRET : 97 942 479 300 011TVA intracommunautaire : FR55979424793Directeur de la publication : Lucrecia Pomares ValdiviaConception graphique et d\u00e9veloppement [&hellip;]<\/p>\n","protected":false},"author":1,"featured_media":0,"parent":0,"menu_order":0,"comment_status":"closed","ping_status":"open","template":"","meta":{"footnotes":""},"class_list":["post-1356","page","type-page","status-publish","hentry"],"_links":{"self":[{"href":"https:\/\/caymaparis.com\/fr\/wp-json\/wp\/v2\/pages\/1356","targetHints":{"allow":["GET"]}}],"collection":[{"href":"https:\/\/caymaparis.com\/fr\/wp-json\/wp\/v2\/pages"}],"about":[{"href":"https:\/\/caymaparis.com\/fr\/wp-json\/wp\/v2\/types\/page"}],"author":[{"embeddable":true,"href":"https:\/\/caymaparis.com\/fr\/wp-json\/wp\/v2\/users\/1"}],"replies":[{"embeddable":true,"href":"https:\/\/caymaparis.com\/fr\/wp-json\/wp\/v2\/comments?post=1356"}],"version-history":[{"count":2,"href":"https:\/\/caymaparis.com\/fr\/wp-json\/wp\/v2\/pages\/1356\/revisions"}],"predecessor-version":[{"id":2281,"href":"https:\/\/caymaparis.com\/fr\/wp-json\/wp\/v2\/pages\/1356\/revisions\/2281"}],"wp:attachment":[{"href":"https:\/\/caymaparis.com\/fr\/wp-json\/wp\/v2\/media?parent=1356"}],"curies":[{"name":"wp","href":"https:\/\/api.w.org\/{rel}","templated":true}]}}